{"id":68,"date":"2015-01-20T08:47:31","date_gmt":"2015-01-20T08:47:31","guid":{"rendered":"http:\/\/fiomargomme.it\/shop\/?page_id=68"},"modified":"2015-01-21T11:49:48","modified_gmt":"2015-01-21T11:49:48","slug":"condizioni-di-vendita","status":"publish","type":"page","link":"https:\/\/fiomargomme.it\/shop\/condizioni-di-vendita\/","title":{"rendered":"condizioni di vendita"},"content":{"rendered":"<p>COME ACQUISTARE<br \/>\nAcquistare nel Ns. Shop On-Line \u00e8 un&#8217;operazione rapida e &#8211; soprattutto &#8211; molto semplice.<\/p>\n<p>Una volta individuato l&#8217;articolo di interesse baster\u00e0 metterlo sul CARRELLO (Mediante la funzione &#8220;Aggiungi al Carrello&#8221;) nella quantit\u00e0 desiderata (1,2,3 o pi\u00f9 pezzi*).<\/p>\n<p>A questo punto &#8211; se non devi aggiungere altri articoli &#8211; sull&#8217;icona CARRELLO (Presente in alto a destra) cliccare sulla funzione &#8220;Acquista&#8221; per accedere alla Shopping Cart ossia la pagina riassuntiva della merce presente sul tuo carrello.<br \/>\nControllato il contenuto dello stesso procedere cliccando sulla funzione &#8220;Vai alla Cassa&#8221;. <\/p>\n<p>Una volta superata la pagina inerente le CONDIZIONI DI VENDITA (Mettendo la spunta nel relativo riquadro e cliccando poi sulla funzione &#8220;Continua&#8221;) si avr\u00e0 accesso alle SPESE DI SPEDIZIONE, contenente anche le disposizioni inerenti i costi di servizi ulteriori. <\/p>\n<p>Il passo ulteriore &#8211; se sei un nuovo utente &#8211; sar\u00e0 la REGISTRAZIONE dei tuoi dati personali nel relativo Format. Confermata, in una pagina immediatamente successiva (RIEPILOGO DATI), l&#8217;esattezza degli stessi avrai accesso &#8211; mediante ulteriore click sulla funzione &#8220;Continua&#8221; &#8211; alla sezione dedicata alla scelta della MODALITA&#8217; di PAGAMENTO. <\/p>\n<p>Una volta operata la scelta desiderata, nuovo click su &#8220;Continua&#8221; e si giunge all&#8217;ultima pagina utile: RIEPILOGO ORDINE, dove potrai controllare il contenuto del tuo ordinativo prima di confermarlo definitivamente mediante click sulla funzione &#8220;Conferma Ordine&#8221;.<br \/>\nPer poter acquistare dal nostro sito, e&#8217; necessaria la registrazione subito qui.<\/p>\n","protected":false},"excerpt":{"rendered":"<p>COME ACQUISTARE Acquistare nel Ns. Shop On-Line \u00e8 un&#8217;operazione rapida e &#8211; soprattutto &#8211; molto semplice. Una volta individuato l&#8217;articolo di interesse baster\u00e0 metterlo sul CARRELLO (Mediante la funzione &#8220;Aggiungi al Carrello&#8221;) nella quantit\u00e0 desiderata (1,2,3 o pi\u00f9 pezzi*). A questo punto &#8211; se non devi aggiungere altri articoli &#8211; sull&#8217;icona CARRELLO (Presente in alto [&hellip;]<\/p>\n","protected":false},"author":1,"featured_media":0,"parent":0,"menu_order":0,"comment_status":"closed","ping_status":"closed","template":"","meta":[],"yoast_head":"<!-- This site is optimized with the Yoast SEO plugin v19.9 - https:\/\/yoast.com\/wordpress\/plugins\/seo\/ -->\n<title>condizioni di vendita - Fiomar gomme<\/title>\n<meta name=\"robots\" content=\"index, follow, max-snippet:-1, max-image-preview:large, max-video-preview:-1\" \/>\n<link rel=\"canonical\" href=\"https:\/\/fiomargomme.it\/shop\/condizioni-di-vendita\/\" \/>\n<meta property=\"og:locale\" content=\"it_IT\" \/>\n<meta property=\"og:type\" content=\"article\" \/>\n<meta property=\"og:title\" content=\"condizioni di vendita - Fiomar gomme\" \/>\n<meta property=\"og:description\" content=\"COME ACQUISTARE Acquistare nel Ns. Shop On-Line \u00e8 un&#8217;operazione rapida e &#8211; soprattutto &#8211; molto semplice. Una volta individuato l&#8217;articolo di interesse baster\u00e0 metterlo sul CARRELLO (Mediante la funzione &#8220;Aggiungi al Carrello&#8221;) nella quantit\u00e0 desiderata (1,2,3 o pi\u00f9 pezzi*). A questo punto &#8211; se non devi aggiungere altri articoli &#8211; sull&#8217;icona CARRELLO (Presente in alto [&hellip;]\" \/>\n<meta property=\"og:url\" content=\"https:\/\/fiomargomme.it\/shop\/condizioni-di-vendita\/\" \/>\n<meta property=\"og:site_name\" content=\"Fiomar gomme\" \/>\n<meta property=\"article:publisher\" content=\"https:\/\/www.facebook.com\/FioMarGomme\" \/>\n<meta property=\"article:modified_time\" content=\"2015-01-21T11:49:48+00:00\" \/>\n<meta name=\"twitter:label1\" content=\"Tempo di lettura stimato\" \/>\n\t<meta name=\"twitter:data1\" content=\"1 minuto\" \/>\n<script type=\"application\/ld+json\" class=\"yoast-schema-graph\">{\"@context\":\"https:\/\/schema.org\",\"@graph\":[{\"@type\":\"WebPage\",\"@id\":\"https:\/\/fiomargomme.it\/shop\/condizioni-di-vendita\/\",\"url\":\"https:\/\/fiomargomme.it\/shop\/condizioni-di-vendita\/\",\"name\":\"condizioni di vendita - Fiomar gomme\",\"isPartOf\":{\"@id\":\"https:\/\/fiomargomme.it\/shop\/#website\"},\"datePublished\":\"2015-01-20T08:47:31+00:00\",\"dateModified\":\"2015-01-21T11:49:48+00:00\",\"breadcrumb\":{\"@id\":\"https:\/\/fiomargomme.it\/shop\/condizioni-di-vendita\/#breadcrumb\"},\"inLanguage\":\"it-IT\",\"potentialAction\":[{\"@type\":\"ReadAction\",\"target\":[\"https:\/\/fiomargomme.it\/shop\/condizioni-di-vendita\/\"]}]},{\"@type\":\"BreadcrumbList\",\"@id\":\"https:\/\/fiomargomme.it\/shop\/condizioni-di-vendita\/#breadcrumb\",\"itemListElement\":[{\"@type\":\"ListItem\",\"position\":1,\"name\":\"Home\",\"item\":\"https:\/\/fiomargomme.it\/shop\/\"},{\"@type\":\"ListItem\",\"position\":2,\"name\":\"condizioni di vendita\"}]},{\"@type\":\"WebSite\",\"@id\":\"https:\/\/fiomargomme.it\/shop\/#website\",\"url\":\"https:\/\/fiomargomme.it\/shop\/\",\"name\":\"Fiomar gomme\",\"description\":\"vendita pneumatici online!\",\"publisher\":{\"@id\":\"https:\/\/fiomargomme.it\/shop\/#organization\"},\"potentialAction\":[{\"@type\":\"SearchAction\",\"target\":{\"@type\":\"EntryPoint\",\"urlTemplate\":\"https:\/\/fiomargomme.it\/shop\/?s={search_term_string}\"},\"query-input\":\"required name=search_term_string\"}],\"inLanguage\":\"it-IT\"},{\"@type\":\"Organization\",\"@id\":\"https:\/\/fiomargomme.it\/shop\/#organization\",\"name\":\"Fio.mar gomme di Mauro Giacco\",\"url\":\"https:\/\/fiomargomme.it\/shop\/\",\"logo\":{\"@type\":\"ImageObject\",\"inLanguage\":\"it-IT\",\"@id\":\"https:\/\/fiomargomme.it\/shop\/#\/schema\/logo\/image\/\",\"url\":\"https:\/\/fiomargomme.it\/shop\/wp-content\/uploads\/2015\/02\/logo_fiomar.png\",\"contentUrl\":\"https:\/\/fiomargomme.it\/shop\/wp-content\/uploads\/2015\/02\/logo_fiomar.png\",\"width\":210,\"height\":32,\"caption\":\"Fio.mar gomme di Mauro Giacco\"},\"image\":{\"@id\":\"https:\/\/fiomargomme.it\/shop\/#\/schema\/logo\/image\/\"},\"sameAs\":[\"https:\/\/www.facebook.com\/FioMarGomme\"]}]}<\/script>\n<!-- \/ Yoast SEO plugin. -->","yoast_head_json":{"title":"condizioni di vendita - Fiomar gomme","robots":{"index":"index","follow":"follow","max-snippet":"max-snippet:-1","max-image-preview":"max-image-preview:large","max-video-preview":"max-video-preview:-1"},"canonical":"https:\/\/fiomargomme.it\/shop\/condizioni-di-vendita\/","og_locale":"it_IT","og_type":"article","og_title":"condizioni di vendita - Fiomar gomme","og_description":"COME ACQUISTARE Acquistare nel Ns. Shop On-Line \u00e8 un&#8217;operazione rapida e &#8211; soprattutto &#8211; molto semplice. Una volta individuato l&#8217;articolo di interesse baster\u00e0 metterlo sul CARRELLO (Mediante la funzione &#8220;Aggiungi al Carrello&#8221;) nella quantit\u00e0 desiderata (1,2,3 o pi\u00f9 pezzi*). A questo punto &#8211; se non devi aggiungere altri articoli &#8211; sull&#8217;icona CARRELLO (Presente in alto [&hellip;]","og_url":"https:\/\/fiomargomme.it\/shop\/condizioni-di-vendita\/","og_site_name":"Fiomar gomme","article_publisher":"https:\/\/www.facebook.com\/FioMarGomme","article_modified_time":"2015-01-21T11:49:48+00:00","twitter_misc":{"Tempo di lettura stimato":"1 minuto"},"schema":{"@context":"https:\/\/schema.org","@graph":[{"@type":"WebPage","@id":"https:\/\/fiomargomme.it\/shop\/condizioni-di-vendita\/","url":"https:\/\/fiomargomme.it\/shop\/condizioni-di-vendita\/","name":"condizioni di vendita - Fiomar gomme","isPartOf":{"@id":"https:\/\/fiomargomme.it\/shop\/#website"},"datePublished":"2015-01-20T08:47:31+00:00","dateModified":"2015-01-21T11:49:48+00:00","breadcrumb":{"@id":"https:\/\/fiomargomme.it\/shop\/condizioni-di-vendita\/#breadcrumb"},"inLanguage":"it-IT","potentialAction":[{"@type":"ReadAction","target":["https:\/\/fiomargomme.it\/shop\/condizioni-di-vendita\/"]}]},{"@type":"BreadcrumbList","@id":"https:\/\/fiomargomme.it\/shop\/condizioni-di-vendita\/#breadcrumb","itemListElement":[{"@type":"ListItem","position":1,"name":"Home","item":"https:\/\/fiomargomme.it\/shop\/"},{"@type":"ListItem","position":2,"name":"condizioni di vendita"}]},{"@type":"WebSite","@id":"https:\/\/fiomargomme.it\/shop\/#website","url":"https:\/\/fiomargomme.it\/shop\/","name":"Fiomar gomme","description":"vendita pneumatici online!","publisher":{"@id":"https:\/\/fiomargomme.it\/shop\/#organization"},"potentialAction":[{"@type":"SearchAction","target":{"@type":"EntryPoint","urlTemplate":"https:\/\/fiomargomme.it\/shop\/?s={search_term_string}"},"query-input":"required name=search_term_string"}],"inLanguage":"it-IT"},{"@type":"Organization","@id":"https:\/\/fiomargomme.it\/shop\/#organization","name":"Fio.mar gomme di Mauro Giacco","url":"https:\/\/fiomargomme.it\/shop\/","logo":{"@type":"ImageObject","inLanguage":"it-IT","@id":"https:\/\/fiomargomme.it\/shop\/#\/schema\/logo\/image\/","url":"https:\/\/fiomargomme.it\/shop\/wp-content\/uploads\/2015\/02\/logo_fiomar.png","contentUrl":"https:\/\/fiomargomme.it\/shop\/wp-content\/uploads\/2015\/02\/logo_fiomar.png","width":210,"height":32,"caption":"Fio.mar gomme di Mauro Giacco"},"image":{"@id":"https:\/\/fiomargomme.it\/shop\/#\/schema\/logo\/image\/"},"sameAs":["https:\/\/www.facebook.com\/FioMarGomme"]}]}},"_links":{"self":[{"href":"https:\/\/fiomargomme.it\/shop\/wp-json\/wp\/v2\/pages\/68"}],"collection":[{"href":"https:\/\/fiomargomme.it\/shop\/wp-json\/wp\/v2\/pages"}],"about":[{"href":"https:\/\/fiomargomme.it\/shop\/wp-json\/wp\/v2\/types\/page"}],"author":[{"embeddable":true,"href":"https:\/\/fiomargomme.it\/shop\/wp-json\/wp\/v2\/users\/1"}],"replies":[{"embeddable":true,"href":"https:\/\/fiomargomme.it\/shop\/wp-json\/wp\/v2\/comments?post=68"}],"version-history":[{"count":0,"href":"https:\/\/fiomargomme.it\/shop\/wp-json\/wp\/v2\/pages\/68\/revisions"}],"wp:attachment":[{"href":"https:\/\/fiomargomme.it\/shop\/wp-json\/wp\/v2\/media?parent=68"}],"curies":[{"name":"wp","href":"https:\/\/api.w.org\/{rel}","templated":true}]}}